{"id":26,"date":"2018-12-11T22:23:36","date_gmt":"2018-12-11T21:23:36","guid":{"rendered":"https:\/\/justynabronowska.pl\/fotografia-slubna\/?page_id=26"},"modified":"2024-01-04T10:14:57","modified_gmt":"2024-01-04T08:14:57","slug":"autorka","status":"publish","type":"page","link":"https:\/\/justynabronowska.pl\/fotografia-slubna\/autorka\/","title":{"rendered":"Autorka"},"content":{"rendered":"\n<p><\/p>\n\n\n\n<h2 class=\"has-text-align-center wp-block-heading\"><\/h2>\n\n\n\n<figure class=\"wp-block-gallery has-nested-images columns-default is-cropped wp-block-gallery-1 is-layout-flex wp-block-gallery-is-layout-flex\"><\/figure>\n","protected":false},"excerpt":{"rendered":"","protected":false},"author":1,"featured_media":0,"parent":0,"menu_order":0,"comment_status":"closed","ping_status":"closed","template":"","meta":{"footnotes":""},"class_list":["post-26","page","type-page","status-publish"],"yoast_head":"<!-- This site is optimized with the Yoast SEO plugin v27.3 - https:\/\/yoast.com\/product\/yoast-seo-wordpress\/ -->\n<title>Autorka - Justyna Bronowska Fotografia - Naturalna fotografia \u015blubna, Bielsko-Bia\u0142a, Krak\u00f3w, \u015al\u0105sk<\/title>\n<meta name=\"robots\" content=\"noindex, follow, max-snippet:-1, max-image-preview:large, max-video-preview:-1\" \/>\n<meta property=\"og:locale\" content=\"en_US\" \/>\n<meta property=\"og:type\" content=\"article\" \/>\n<meta property=\"og:title\" content=\"Autorka - Justyna Bronowska Fotografia - Naturalna fotografia \u015blubna, Bielsko-Bia\u0142a, Krak\u00f3w, \u015al\u0105sk\" \/>\n<meta property=\"og:url\" content=\"https:\/\/justynabronowska.pl\/fotografia-slubna\/autorka\/\" \/>\n<meta property=\"og:site_name\" content=\"Justyna Bronowska Fotografia - Naturalna fotografia \u015blubna, Bielsko-Bia\u0142a, Krak\u00f3w, \u015al\u0105sk\" \/>\n<meta property=\"article:modified_time\" content=\"2024-01-04T08:14:57+00:00\" \/>\n<meta name=\"twitter:card\" content=\"summary_large_image\" \/>\n<script type=\"application\/ld+json\" class=\"yoast-schema-graph\">{\"@context\":\"https:\\\/\\\/schema.org\",\"@graph\":[{\"@type\":\"WebPage\",\"@id\":\"https:\\\/\\\/justynabronowska.pl\\\/fotografia-slubna\\\/autorka\\\/\",\"url\":\"https:\\\/\\\/justynabronowska.pl\\\/fotografia-slubna\\\/autorka\\\/\",\"name\":\"Autorka - Justyna Bronowska Fotografia - Naturalna fotografia \u015blubna, Bielsko-Bia\u0142a, Krak\u00f3w, \u015al\u0105sk\",\"isPartOf\":{\"@id\":\"https:\\\/\\\/justynabronowska.pl\\\/fotografia-slubna\\\/#website\"},\"datePublished\":\"2018-12-11T21:23:36+00:00\",\"dateModified\":\"2024-01-04T08:14:57+00:00\",\"breadcrumb\":{\"@id\":\"https:\\\/\\\/justynabronowska.pl\\\/fotografia-slubna\\\/autorka\\\/#breadcrumb\"},\"inLanguage\":\"en-US\",\"potentialAction\":[{\"@type\":\"ReadAction\",\"target\":[\"https:\\\/\\\/justynabronowska.pl\\\/fotografia-slubna\\\/autorka\\\/\"]}]},{\"@type\":\"BreadcrumbList\",\"@id\":\"https:\\\/\\\/justynabronowska.pl\\\/fotografia-slubna\\\/autorka\\\/#breadcrumb\",\"itemListElement\":[{\"@type\":\"ListItem\",\"position\":1,\"name\":\"Home\",\"item\":\"https:\\\/\\\/justynabronowska.pl\\\/fotografia-slubna\\\/\"},{\"@type\":\"ListItem\",\"position\":2,\"name\":\"Autorka\"}]},{\"@type\":\"WebSite\",\"@id\":\"https:\\\/\\\/justynabronowska.pl\\\/fotografia-slubna\\\/#website\",\"url\":\"https:\\\/\\\/justynabronowska.pl\\\/fotografia-slubna\\\/\",\"name\":\"Justyna Bronowska Fotografia - Naturalna fotografia \u015blubna, Bielsko-Bia\u0142a, Krak\u00f3w, \u015al\u0105sk\",\"description\":\"Justyna Bronowska Fotografia - Naturalna fotografia \u015blubna, Bielsko-Bia\u0142a, Krak\u00f3w, \u015al\u0105sk\",\"potentialAction\":[{\"@type\":\"SearchAction\",\"target\":{\"@type\":\"EntryPoint\",\"urlTemplate\":\"https:\\\/\\\/justynabronowska.pl\\\/fotografia-slubna\\\/?s={search_term_string}\"},\"query-input\":{\"@type\":\"PropertyValueSpecification\",\"valueRequired\":true,\"valueName\":\"search_term_string\"}}],\"inLanguage\":\"en-US\"}]}<\/script>\n<!-- \/ Yoast SEO plugin. -->","yoast_head_json":{"title":"Autorka - Justyna Bronowska Fotografia - Naturalna fotografia \u015blubna, Bielsko-Bia\u0142a, Krak\u00f3w, \u015al\u0105sk","robots":{"index":"noindex","follow":"follow","max-snippet":"max-snippet:-1","max-image-preview":"max-image-preview:large","max-video-preview":"max-video-preview:-1"},"og_locale":"en_US","og_type":"article","og_title":"Autorka - Justyna Bronowska Fotografia - Naturalna fotografia \u015blubna, Bielsko-Bia\u0142a, Krak\u00f3w, \u015al\u0105sk","og_url":"https:\/\/justynabronowska.pl\/fotografia-slubna\/autorka\/","og_site_name":"Justyna Bronowska Fotografia - Naturalna fotografia \u015blubna, Bielsko-Bia\u0142a, Krak\u00f3w, \u015al\u0105sk","article_modified_time":"2024-01-04T08:14:57+00:00","twitter_card":"summary_large_image","schema":{"@context":"https:\/\/schema.org","@graph":[{"@type":"WebPage","@id":"https:\/\/justynabronowska.pl\/fotografia-slubna\/autorka\/","url":"https:\/\/justynabronowska.pl\/fotografia-slubna\/autorka\/","name":"Autorka - Justyna Bronowska Fotografia - Naturalna fotografia \u015blubna, Bielsko-Bia\u0142a, Krak\u00f3w, \u015al\u0105sk","isPartOf":{"@id":"https:\/\/justynabronowska.pl\/fotografia-slubna\/#website"},"datePublished":"2018-12-11T21:23:36+00:00","dateModified":"2024-01-04T08:14:57+00:00","breadcrumb":{"@id":"https:\/\/justynabronowska.pl\/fotografia-slubna\/autorka\/#breadcrumb"},"inLanguage":"en-US","potentialAction":[{"@type":"ReadAction","target":["https:\/\/justynabronowska.pl\/fotografia-slubna\/autorka\/"]}]},{"@type":"BreadcrumbList","@id":"https:\/\/justynabronowska.pl\/fotografia-slubna\/autorka\/#breadcrumb","itemListElement":[{"@type":"ListItem","position":1,"name":"Home","item":"https:\/\/justynabronowska.pl\/fotografia-slubna\/"},{"@type":"ListItem","position":2,"name":"Autorka"}]},{"@type":"WebSite","@id":"https:\/\/justynabronowska.pl\/fotografia-slubna\/#website","url":"https:\/\/justynabronowska.pl\/fotografia-slubna\/","name":"Justyna Bronowska Fotografia - Naturalna fotografia \u015blubna, Bielsko-Bia\u0142a, Krak\u00f3w, \u015al\u0105sk","description":"Justyna Bronowska Fotografia - Naturalna fotografia \u015blubna, Bielsko-Bia\u0142a, Krak\u00f3w, \u015al\u0105sk","potentialAction":[{"@type":"SearchAction","target":{"@type":"EntryPoint","urlTemplate":"https:\/\/justynabronowska.pl\/fotografia-slubna\/?s={search_term_string}"},"query-input":{"@type":"PropertyValueSpecification","valueRequired":true,"valueName":"search_term_string"}}],"inLanguage":"en-US"}]}},"_links":{"self":[{"href":"https:\/\/justynabronowska.pl\/fotografia-slubna\/wp-json\/wp\/v2\/pages\/26","targetHints":{"allow":["GET"]}}],"collection":[{"href":"https:\/\/justynabronowska.pl\/fotografia-slubna\/wp-json\/wp\/v2\/pages"}],"about":[{"href":"https:\/\/justynabronowska.pl\/fotografia-slubna\/wp-json\/wp\/v2\/types\/page"}],"author":[{"embeddable":true,"href":"https:\/\/justynabronowska.pl\/fotografia-slubna\/wp-json\/wp\/v2\/users\/1"}],"replies":[{"embeddable":true,"href":"https:\/\/justynabronowska.pl\/fotografia-slubna\/wp-json\/wp\/v2\/comments?post=26"}],"version-history":[{"count":65,"href":"https:\/\/justynabronowska.pl\/fotografia-slubna\/wp-json\/wp\/v2\/pages\/26\/revisions"}],"predecessor-version":[{"id":7648,"href":"https:\/\/justynabronowska.pl\/fotografia-slubna\/wp-json\/wp\/v2\/pages\/26\/revisions\/7648"}],"wp:attachment":[{"href":"https:\/\/justynabronowska.pl\/fotografia-slubna\/wp-json\/wp\/v2\/media?parent=26"}],"curies":[{"name":"wp","href":"https:\/\/api.w.org\/{rel}","templated":true}]}}