{"id":2272,"date":"2023-01-15T15:46:10","date_gmt":"2023-01-15T13:46:10","guid":{"rendered":"https:\/\/justynabronowska.pl\/fotografia\/?page_id=2272"},"modified":"2026-02-04T10:55:00","modified_gmt":"2026-02-04T08:55:00","slug":"regulamin","status":"publish","type":"page","link":"https:\/\/justynabronowska.pl\/fotografia\/oferta\/regulamin\/","title":{"rendered":"Regulamin sesji zdj\u0119ciowych"},"content":{"rendered":"","protected":false},"excerpt":{"rendered":"","protected":false},"author":1,"featured_media":0,"parent":3141,"menu_order":6,"comment_status":"closed","ping_status":"closed","template":"","meta":{"footnotes":""},"class_list":["post-2272","page","type-page","status-publish"],"yoast_head":"<!-- This site is optimized with the Yoast SEO plugin v27.3 - https:\/\/yoast.com\/product\/yoast-seo-wordpress\/ -->\n<title>Regulamin sesji zdj\u0119ciowych - Justyna Bronowska Fotografia - Fotografia \u015blubna, wizerunkowa, rodzinna Bielsko-Bia\u0142a, \u015al\u0105sk<\/title>\n<meta name=\"robots\" content=\"index, follow, max-snippet:-1, max-image-preview:large, max-video-preview:-1\" \/>\n<link rel=\"canonical\" href=\"https:\/\/justynabronowska.pl\/fotografia\/oferta\/regulamin\/\" \/>\n<meta property=\"og:locale\" content=\"pl_PL\" \/>\n<meta property=\"og:type\" content=\"article\" \/>\n<meta property=\"og:title\" content=\"Regulamin sesji zdj\u0119ciowych - Justyna Bronowska Fotografia - Fotografia \u015blubna, wizerunkowa, rodzinna Bielsko-Bia\u0142a, \u015al\u0105sk\" \/>\n<meta property=\"og:url\" content=\"https:\/\/justynabronowska.pl\/fotografia\/oferta\/regulamin\/\" \/>\n<meta property=\"og:site_name\" content=\"Justyna Bronowska Fotografia - Fotografia \u015blubna, wizerunkowa, rodzinna Bielsko-Bia\u0142a, \u015al\u0105sk\" \/>\n<meta property=\"article:modified_time\" content=\"2026-02-04T08:55:00+00:00\" \/>\n<meta name=\"twitter:card\" content=\"summary_large_image\" \/>\n<script type=\"application\/ld+json\" class=\"yoast-schema-graph\">{\"@context\":\"https:\\\/\\\/schema.org\",\"@graph\":[{\"@type\":\"WebPage\",\"@id\":\"https:\\\/\\\/justynabronowska.pl\\\/fotografia\\\/oferta\\\/regulamin\\\/\",\"url\":\"https:\\\/\\\/justynabronowska.pl\\\/fotografia\\\/oferta\\\/regulamin\\\/\",\"name\":\"Regulamin sesji zdj\u0119ciowych - Justyna Bronowska Fotografia - Fotografia \u015blubna, wizerunkowa, rodzinna Bielsko-Bia\u0142a, \u015al\u0105sk\",\"isPartOf\":{\"@id\":\"https:\\\/\\\/justynabronowska.pl\\\/fotografia\\\/#website\"},\"datePublished\":\"2023-01-15T13:46:10+00:00\",\"dateModified\":\"2026-02-04T08:55:00+00:00\",\"breadcrumb\":{\"@id\":\"https:\\\/\\\/justynabronowska.pl\\\/fotografia\\\/oferta\\\/regulamin\\\/#breadcrumb\"},\"inLanguage\":\"pl-PL\",\"potentialAction\":[{\"@type\":\"ReadAction\",\"target\":[\"https:\\\/\\\/justynabronowska.pl\\\/fotografia\\\/oferta\\\/regulamin\\\/\"]}]},{\"@type\":\"BreadcrumbList\",\"@id\":\"https:\\\/\\\/justynabronowska.pl\\\/fotografia\\\/oferta\\\/regulamin\\\/#breadcrumb\",\"itemListElement\":[{\"@type\":\"ListItem\",\"position\":1,\"name\":\"Home\",\"item\":\"https:\\\/\\\/justynabronowska.pl\\\/fotografia\\\/\"},{\"@type\":\"ListItem\",\"position\":2,\"name\":\"Oferta \\\/ Cennik\",\"item\":\"https:\\\/\\\/justynabronowska.pl\\\/fotografia\\\/oferta\\\/\"},{\"@type\":\"ListItem\",\"position\":3,\"name\":\"Regulamin sesji zdj\u0119ciowych\"}]},{\"@type\":\"WebSite\",\"@id\":\"https:\\\/\\\/justynabronowska.pl\\\/fotografia\\\/#website\",\"url\":\"https:\\\/\\\/justynabronowska.pl\\\/fotografia\\\/\",\"name\":\"Justyna Bronowska Fotografia - Fotografia \u015blubna, wizerunkowa, rodzinna Bielsko-Bia\u0142a, \u015al\u0105sk\",\"description\":\"Justyna Bronowska Fotografia - Fotografia \u015blubna, wizerunkowa, rodzinna Bielsko-Bia\u0142a, \u015al\u0105sk\",\"potentialAction\":[{\"@type\":\"SearchAction\",\"target\":{\"@type\":\"EntryPoint\",\"urlTemplate\":\"https:\\\/\\\/justynabronowska.pl\\\/fotografia\\\/?s={search_term_string}\"},\"query-input\":{\"@type\":\"PropertyValueSpecification\",\"valueRequired\":true,\"valueName\":\"search_term_string\"}}],\"inLanguage\":\"pl-PL\"}]}<\/script>\n<!-- \/ Yoast SEO plugin. -->","yoast_head_json":{"title":"Regulamin sesji zdj\u0119ciowych - Justyna Bronowska Fotografia - Fotografia \u015blubna, wizerunkowa, rodzinna Bielsko-Bia\u0142a, \u015al\u0105sk","robots":{"index":"index","follow":"follow","max-snippet":"max-snippet:-1","max-image-preview":"max-image-preview:large","max-video-preview":"max-video-preview:-1"},"canonical":"https:\/\/justynabronowska.pl\/fotografia\/oferta\/regulamin\/","og_locale":"pl_PL","og_type":"article","og_title":"Regulamin sesji zdj\u0119ciowych - Justyna Bronowska Fotografia - Fotografia \u015blubna, wizerunkowa, rodzinna Bielsko-Bia\u0142a, \u015al\u0105sk","og_url":"https:\/\/justynabronowska.pl\/fotografia\/oferta\/regulamin\/","og_site_name":"Justyna Bronowska Fotografia - Fotografia \u015blubna, wizerunkowa, rodzinna Bielsko-Bia\u0142a, \u015al\u0105sk","article_modified_time":"2026-02-04T08:55:00+00:00","twitter_card":"summary_large_image","schema":{"@context":"https:\/\/schema.org","@graph":[{"@type":"WebPage","@id":"https:\/\/justynabronowska.pl\/fotografia\/oferta\/regulamin\/","url":"https:\/\/justynabronowska.pl\/fotografia\/oferta\/regulamin\/","name":"Regulamin sesji zdj\u0119ciowych - Justyna Bronowska Fotografia - Fotografia \u015blubna, wizerunkowa, rodzinna Bielsko-Bia\u0142a, \u015al\u0105sk","isPartOf":{"@id":"https:\/\/justynabronowska.pl\/fotografia\/#website"},"datePublished":"2023-01-15T13:46:10+00:00","dateModified":"2026-02-04T08:55:00+00:00","breadcrumb":{"@id":"https:\/\/justynabronowska.pl\/fotografia\/oferta\/regulamin\/#breadcrumb"},"inLanguage":"pl-PL","potentialAction":[{"@type":"ReadAction","target":["https:\/\/justynabronowska.pl\/fotografia\/oferta\/regulamin\/"]}]},{"@type":"BreadcrumbList","@id":"https:\/\/justynabronowska.pl\/fotografia\/oferta\/regulamin\/#breadcrumb","itemListElement":[{"@type":"ListItem","position":1,"name":"Home","item":"https:\/\/justynabronowska.pl\/fotografia\/"},{"@type":"ListItem","position":2,"name":"Oferta \/ Cennik","item":"https:\/\/justynabronowska.pl\/fotografia\/oferta\/"},{"@type":"ListItem","position":3,"name":"Regulamin sesji zdj\u0119ciowych"}]},{"@type":"WebSite","@id":"https:\/\/justynabronowska.pl\/fotografia\/#website","url":"https:\/\/justynabronowska.pl\/fotografia\/","name":"Justyna Bronowska Fotografia - Fotografia \u015blubna, wizerunkowa, rodzinna Bielsko-Bia\u0142a, \u015al\u0105sk","description":"Justyna Bronowska Fotografia - Fotografia \u015blubna, wizerunkowa, rodzinna Bielsko-Bia\u0142a, \u015al\u0105sk","potentialAction":[{"@type":"SearchAction","target":{"@type":"EntryPoint","urlTemplate":"https:\/\/justynabronowska.pl\/fotografia\/?s={search_term_string}"},"query-input":{"@type":"PropertyValueSpecification","valueRequired":true,"valueName":"search_term_string"}}],"inLanguage":"pl-PL"}]}},"_links":{"self":[{"href":"https:\/\/justynabronowska.pl\/fotografia\/wp-json\/wp\/v2\/pages\/2272","targetHints":{"allow":["GET"]}}],"collection":[{"href":"https:\/\/justynabronowska.pl\/fotografia\/wp-json\/wp\/v2\/pages"}],"about":[{"href":"https:\/\/justynabronowska.pl\/fotografia\/wp-json\/wp\/v2\/types\/page"}],"author":[{"embeddable":true,"href":"https:\/\/justynabronowska.pl\/fotografia\/wp-json\/wp\/v2\/users\/1"}],"replies":[{"embeddable":true,"href":"https:\/\/justynabronowska.pl\/fotografia\/wp-json\/wp\/v2\/comments?post=2272"}],"version-history":[{"count":30,"href":"https:\/\/justynabronowska.pl\/fotografia\/wp-json\/wp\/v2\/pages\/2272\/revisions"}],"predecessor-version":[{"id":4477,"href":"https:\/\/justynabronowska.pl\/fotografia\/wp-json\/wp\/v2\/pages\/2272\/revisions\/4477"}],"up":[{"embeddable":true,"href":"https:\/\/justynabronowska.pl\/fotografia\/wp-json\/wp\/v2\/pages\/3141"}],"wp:attachment":[{"href":"https:\/\/justynabronowska.pl\/fotografia\/wp-json\/wp\/v2\/media?parent=2272"}],"curies":[{"name":"wp","href":"https:\/\/api.w.org\/{rel}","templated":true}]}}