{"id":2293,"date":"2023-01-16T20:03:03","date_gmt":"2023-01-16T18:03:03","guid":{"rendered":"https:\/\/justynabronowska.pl\/fotografia\/?page_id=2293"},"modified":"2026-02-13T11:28:38","modified_gmt":"2026-02-13T09:28:38","slug":"fotografia-rodzinna","status":"publish","type":"page","link":"https:\/\/justynabronowska.pl\/fotografia\/oferta\/fotografia-rodzinna\/","title":{"rendered":"Fotografia rodzinna"},"content":{"rendered":"\n<p><\/p>\n\n\n\n<p><\/p>\n\n\n\n<p><\/p>\n","protected":false},"excerpt":{"rendered":"","protected":false},"author":1,"featured_media":4094,"parent":3141,"menu_order":1,"comment_status":"closed","ping_status":"closed","template":"","meta":{"footnotes":""},"class_list":["post-2293","page","type-page","status-publish","has-post-thumbnail"],"yoast_head":"<!-- This site is optimized with the Yoast SEO plugin v27.3 - https:\/\/yoast.com\/product\/yoast-seo-wordpress\/ -->\n<title>Fotografia rodzinna - Justyna Bronowska Fotografia - Fotografia \u015blubna, wizerunkowa, rodzinna Bielsko-Bia\u0142a, \u015al\u0105sk<\/title>\n<meta name=\"robots\" content=\"index, follow, max-snippet:-1, max-image-preview:large, max-video-preview:-1\" \/>\n<link rel=\"canonical\" href=\"https:\/\/justynabronowska.pl\/fotografia\/oferta\/fotografia-rodzinna\/\" \/>\n<meta property=\"og:locale\" content=\"pl_PL\" \/>\n<meta property=\"og:type\" content=\"article\" \/>\n<meta property=\"og:title\" content=\"Fotografia rodzinna - Justyna Bronowska Fotografia - Fotografia \u015blubna, wizerunkowa, rodzinna Bielsko-Bia\u0142a, \u015al\u0105sk\" \/>\n<meta property=\"og:url\" content=\"https:\/\/justynabronowska.pl\/fotografia\/oferta\/fotografia-rodzinna\/\" \/>\n<meta property=\"og:site_name\" content=\"Justyna Bronowska Fotografia - Fotografia \u015blubna, wizerunkowa, rodzinna Bielsko-Bia\u0142a, \u015al\u0105sk\" \/>\n<meta property=\"article:modified_time\" content=\"2026-02-13T09:28:38+00:00\" \/>\n<meta property=\"og:image\" content=\"https:\/\/justynabronowska.pl\/fotografia\/wp-content\/uploads\/sites\/3\/2024\/12\/fotograf-rodzinny-bystra-bielsko-beskidy022.jpg\" \/>\n\t<meta property=\"og:image:width\" content=\"1800\" \/>\n\t<meta property=\"og:image:height\" content=\"1200\" \/>\n\t<meta property=\"og:image:type\" content=\"image\/jpeg\" \/>\n<meta name=\"twitter:card\" content=\"summary_large_image\" \/>\n<script type=\"application\/ld+json\" class=\"yoast-schema-graph\">{\"@context\":\"https:\\\/\\\/schema.org\",\"@graph\":[{\"@type\":\"WebPage\",\"@id\":\"https:\\\/\\\/justynabronowska.pl\\\/fotografia\\\/oferta\\\/fotografia-rodzinna\\\/\",\"url\":\"https:\\\/\\\/justynabronowska.pl\\\/fotografia\\\/oferta\\\/fotografia-rodzinna\\\/\",\"name\":\"Fotografia rodzinna - Justyna Bronowska Fotografia - Fotografia \u015blubna, wizerunkowa, rodzinna Bielsko-Bia\u0142a, \u015al\u0105sk\",\"isPartOf\":{\"@id\":\"https:\\\/\\\/justynabronowska.pl\\\/fotografia\\\/#website\"},\"primaryImageOfPage\":{\"@id\":\"https:\\\/\\\/justynabronowska.pl\\\/fotografia\\\/oferta\\\/fotografia-rodzinna\\\/#primaryimage\"},\"image\":{\"@id\":\"https:\\\/\\\/justynabronowska.pl\\\/fotografia\\\/oferta\\\/fotografia-rodzinna\\\/#primaryimage\"},\"thumbnailUrl\":\"https:\\\/\\\/justynabronowska.pl\\\/fotografia\\\/wp-content\\\/uploads\\\/sites\\\/3\\\/2024\\\/12\\\/fotograf-rodzinny-bystra-bielsko-beskidy022.jpg\",\"datePublished\":\"2023-01-16T18:03:03+00:00\",\"dateModified\":\"2026-02-13T09:28:38+00:00\",\"breadcrumb\":{\"@id\":\"https:\\\/\\\/justynabronowska.pl\\\/fotografia\\\/oferta\\\/fotografia-rodzinna\\\/#breadcrumb\"},\"inLanguage\":\"pl-PL\",\"potentialAction\":[{\"@type\":\"ReadAction\",\"target\":[\"https:\\\/\\\/justynabronowska.pl\\\/fotografia\\\/oferta\\\/fotografia-rodzinna\\\/\"]}]},{\"@type\":\"ImageObject\",\"inLanguage\":\"pl-PL\",\"@id\":\"https:\\\/\\\/justynabronowska.pl\\\/fotografia\\\/oferta\\\/fotografia-rodzinna\\\/#primaryimage\",\"url\":\"https:\\\/\\\/justynabronowska.pl\\\/fotografia\\\/wp-content\\\/uploads\\\/sites\\\/3\\\/2024\\\/12\\\/fotograf-rodzinny-bystra-bielsko-beskidy022.jpg\",\"contentUrl\":\"https:\\\/\\\/justynabronowska.pl\\\/fotografia\\\/wp-content\\\/uploads\\\/sites\\\/3\\\/2024\\\/12\\\/fotograf-rodzinny-bystra-bielsko-beskidy022.jpg\",\"width\":1800,\"height\":1200},{\"@type\":\"BreadcrumbList\",\"@id\":\"https:\\\/\\\/justynabronowska.pl\\\/fotografia\\\/oferta\\\/fotografia-rodzinna\\\/#breadcrumb\",\"itemListElement\":[{\"@type\":\"ListItem\",\"position\":1,\"name\":\"Home\",\"item\":\"https:\\\/\\\/justynabronowska.pl\\\/fotografia\\\/\"},{\"@type\":\"ListItem\",\"position\":2,\"name\":\"Oferta \\\/ Cennik\",\"item\":\"https:\\\/\\\/justynabronowska.pl\\\/fotografia\\\/oferta\\\/\"},{\"@type\":\"ListItem\",\"position\":3,\"name\":\"Fotografia rodzinna\"}]},{\"@type\":\"WebSite\",\"@id\":\"https:\\\/\\\/justynabronowska.pl\\\/fotografia\\\/#website\",\"url\":\"https:\\\/\\\/justynabronowska.pl\\\/fotografia\\\/\",\"name\":\"Justyna Bronowska Fotografia - Fotografia \u015blubna, wizerunkowa, rodzinna Bielsko-Bia\u0142a, \u015al\u0105sk\",\"description\":\"Justyna Bronowska Fotografia - Fotografia \u015blubna, wizerunkowa, rodzinna Bielsko-Bia\u0142a, \u015al\u0105sk\",\"potentialAction\":[{\"@type\":\"SearchAction\",\"target\":{\"@type\":\"EntryPoint\",\"urlTemplate\":\"https:\\\/\\\/justynabronowska.pl\\\/fotografia\\\/?s={search_term_string}\"},\"query-input\":{\"@type\":\"PropertyValueSpecification\",\"valueRequired\":true,\"valueName\":\"search_term_string\"}}],\"inLanguage\":\"pl-PL\"}]}<\/script>\n<!-- \/ Yoast SEO plugin. -->","yoast_head_json":{"title":"Fotografia rodzinna - Justyna Bronowska Fotografia - Fotografia \u015blubna, wizerunkowa, rodzinna Bielsko-Bia\u0142a, \u015al\u0105sk","robots":{"index":"index","follow":"follow","max-snippet":"max-snippet:-1","max-image-preview":"max-image-preview:large","max-video-preview":"max-video-preview:-1"},"canonical":"https:\/\/justynabronowska.pl\/fotografia\/oferta\/fotografia-rodzinna\/","og_locale":"pl_PL","og_type":"article","og_title":"Fotografia rodzinna - Justyna Bronowska Fotografia - Fotografia \u015blubna, wizerunkowa, rodzinna Bielsko-Bia\u0142a, \u015al\u0105sk","og_url":"https:\/\/justynabronowska.pl\/fotografia\/oferta\/fotografia-rodzinna\/","og_site_name":"Justyna Bronowska Fotografia - Fotografia \u015blubna, wizerunkowa, rodzinna Bielsko-Bia\u0142a, \u015al\u0105sk","article_modified_time":"2026-02-13T09:28:38+00:00","og_image":[{"width":1800,"height":1200,"url":"https:\/\/justynabronowska.pl\/fotografia\/wp-content\/uploads\/sites\/3\/2024\/12\/fotograf-rodzinny-bystra-bielsko-beskidy022.jpg","type":"image\/jpeg"}],"twitter_card":"summary_large_image","schema":{"@context":"https:\/\/schema.org","@graph":[{"@type":"WebPage","@id":"https:\/\/justynabronowska.pl\/fotografia\/oferta\/fotografia-rodzinna\/","url":"https:\/\/justynabronowska.pl\/fotografia\/oferta\/fotografia-rodzinna\/","name":"Fotografia rodzinna - Justyna Bronowska Fotografia - Fotografia \u015blubna, wizerunkowa, rodzinna Bielsko-Bia\u0142a, \u015al\u0105sk","isPartOf":{"@id":"https:\/\/justynabronowska.pl\/fotografia\/#website"},"primaryImageOfPage":{"@id":"https:\/\/justynabronowska.pl\/fotografia\/oferta\/fotografia-rodzinna\/#primaryimage"},"image":{"@id":"https:\/\/justynabronowska.pl\/fotografia\/oferta\/fotografia-rodzinna\/#primaryimage"},"thumbnailUrl":"https:\/\/justynabronowska.pl\/fotografia\/wp-content\/uploads\/sites\/3\/2024\/12\/fotograf-rodzinny-bystra-bielsko-beskidy022.jpg","datePublished":"2023-01-16T18:03:03+00:00","dateModified":"2026-02-13T09:28:38+00:00","breadcrumb":{"@id":"https:\/\/justynabronowska.pl\/fotografia\/oferta\/fotografia-rodzinna\/#breadcrumb"},"inLanguage":"pl-PL","potentialAction":[{"@type":"ReadAction","target":["https:\/\/justynabronowska.pl\/fotografia\/oferta\/fotografia-rodzinna\/"]}]},{"@type":"ImageObject","inLanguage":"pl-PL","@id":"https:\/\/justynabronowska.pl\/fotografia\/oferta\/fotografia-rodzinna\/#primaryimage","url":"https:\/\/justynabronowska.pl\/fotografia\/wp-content\/uploads\/sites\/3\/2024\/12\/fotograf-rodzinny-bystra-bielsko-beskidy022.jpg","contentUrl":"https:\/\/justynabronowska.pl\/fotografia\/wp-content\/uploads\/sites\/3\/2024\/12\/fotograf-rodzinny-bystra-bielsko-beskidy022.jpg","width":1800,"height":1200},{"@type":"BreadcrumbList","@id":"https:\/\/justynabronowska.pl\/fotografia\/oferta\/fotografia-rodzinna\/#breadcrumb","itemListElement":[{"@type":"ListItem","position":1,"name":"Home","item":"https:\/\/justynabronowska.pl\/fotografia\/"},{"@type":"ListItem","position":2,"name":"Oferta \/ Cennik","item":"https:\/\/justynabronowska.pl\/fotografia\/oferta\/"},{"@type":"ListItem","position":3,"name":"Fotografia rodzinna"}]},{"@type":"WebSite","@id":"https:\/\/justynabronowska.pl\/fotografia\/#website","url":"https:\/\/justynabronowska.pl\/fotografia\/","name":"Justyna Bronowska Fotografia - Fotografia \u015blubna, wizerunkowa, rodzinna Bielsko-Bia\u0142a, \u015al\u0105sk","description":"Justyna Bronowska Fotografia - Fotografia \u015blubna, wizerunkowa, rodzinna Bielsko-Bia\u0142a, \u015al\u0105sk","potentialAction":[{"@type":"SearchAction","target":{"@type":"EntryPoint","urlTemplate":"https:\/\/justynabronowska.pl\/fotografia\/?s={search_term_string}"},"query-input":{"@type":"PropertyValueSpecification","valueRequired":true,"valueName":"search_term_string"}}],"inLanguage":"pl-PL"}]}},"_links":{"self":[{"href":"https:\/\/justynabronowska.pl\/fotografia\/wp-json\/wp\/v2\/pages\/2293","targetHints":{"allow":["GET"]}}],"collection":[{"href":"https:\/\/justynabronowska.pl\/fotografia\/wp-json\/wp\/v2\/pages"}],"about":[{"href":"https:\/\/justynabronowska.pl\/fotografia\/wp-json\/wp\/v2\/types\/page"}],"author":[{"embeddable":true,"href":"https:\/\/justynabronowska.pl\/fotografia\/wp-json\/wp\/v2\/users\/1"}],"replies":[{"embeddable":true,"href":"https:\/\/justynabronowska.pl\/fotografia\/wp-json\/wp\/v2\/comments?post=2293"}],"version-history":[{"count":86,"href":"https:\/\/justynabronowska.pl\/fotografia\/wp-json\/wp\/v2\/pages\/2293\/revisions"}],"predecessor-version":[{"id":4534,"href":"https:\/\/justynabronowska.pl\/fotografia\/wp-json\/wp\/v2\/pages\/2293\/revisions\/4534"}],"up":[{"embeddable":true,"href":"https:\/\/justynabronowska.pl\/fotografia\/wp-json\/wp\/v2\/pages\/3141"}],"wp:featuredmedia":[{"embeddable":true,"href":"https:\/\/justynabronowska.pl\/fotografia\/wp-json\/wp\/v2\/media\/4094"}],"wp:attachment":[{"href":"https:\/\/justynabronowska.pl\/fotografia\/wp-json\/wp\/v2\/media?parent=2293"}],"curies":[{"name":"wp","href":"https:\/\/api.w.org\/{rel}","templated":true}]}}