{"id":3274,"date":"2023-02-16T21:05:01","date_gmt":"2023-02-16T19:05:01","guid":{"rendered":"https:\/\/justynabronowska.pl\/fotografia\/?page_id=3274"},"modified":"2023-02-16T21:06:59","modified_gmt":"2023-02-16T19:06:59","slug":"polityka-prywatnosci","status":"publish","type":"page","link":"https:\/\/justynabronowska.pl\/fotografia\/polityka-prywatnosci\/","title":{"rendered":"Polityka prywatno\u015bci"},"content":{"rendered":"\n<p>RODO \u2013 informacja o przetwarzaniu danych osobowych<\/p>\n\n\n\n<p>Zgodnie z art. 13 ust. 1 i 2 Rozporz\u0105dzenia Parlamentu Europejskiego i Rady (UE) 2016\/679 z dnia 27 kwietnia 2016 r. w sprawie ochrony os\u00f3b fizycznych w zwi\u0105zku z przetwarzaniem danych osobowych i w sprawie swobodnego przep\u0142ywu takich danych oraz uchylenia dyrektywy<br>95\/46\/WE (og\u00f3lne rozporz\u0105dzenie o ochronie danych), dalej RODO, podaj\u0119 Wam moi drodzy Klienci nast\u0119puj\u0105ce informacje:<br><strong>Administrator danych osobowych<\/strong>:<br>Administratorem Waszych danych osobowych jest:<br>Justyna Bronowska, ul. 13 Zakr\u0119t\u00f3w 31f, 43-344 Bielsko-Bia\u0142a, NIP 9372516383<br><strong>Dane kontaktowe<\/strong>:<br>Mo\u017cecie skontaktowa\u0107 si\u0119 ze mn\u0105 poczt\u0105 tradycyjn\u0105 na adres z pkt. 1, mailow\u0105 na adres justabronowska@gmail.com, b\u0105d\u017a telefonicznie pod numerem tel. +48 608420103<br><strong>Sposoby przetwarzania<\/strong><br>Wasz wizerunek stanowi dane osobowe i to g\u0142\u00f3wnie on b\u0119dzie przeze mnie przetwarzany. Przetwarzanie b\u0119dzie obejmowa\u0142o takie czynno\u015bci jak:<br>przekazanie fotografii do drukarni, studia b\u0105d\u017a laboratorium fotograficznego \u2013 w tym miejscu zapewniam, \u017ce podmioty, z kt\u00f3rymi wsp\u00f3\u0142pracuj\u0119 we wskazanym wy\u017cej zakresie dzia\u0142aj\u0105 z dba\u0142o\u015bci\u0105 o ochron\u0119 danych osobowych<br>przesy\u0142anie um\u00f3w, aneks\u00f3w, faktur, fotografii oraz album\u00f3w poczt\u0105 tradycyjn\u0105, mailow\u0105 lub kuriersk\u0105.<br><strong>Cele i podstawy przetwarzania<\/strong><br>przede wszystkim Wasze dane osobowe b\u0119d\u0105 przetwarzane w celu realizacji \u015bwiadczonej przeze mnie us\u0142ugi i tylko w jej ramach (art. 6 ust. 1 pkt. b RODO),<br>w przypadku wyra\u017cenia zgody, Wasz wizerunek b\u0119dzie przeze mnie przetwarzany w celu promocji mojej tw\u00f3rczo\u015bci (art. 6 ust. 1 pkt. a RODO),<br>przetwarzanie danych nast\u0105pi r\u00f3wnie\u017c w celu niezb\u0119dnej archiwizacji, o kt\u00f3rej mowa w \u00a7 2 umowy, co stanowi realizacj\u0119 mojego prawnie uzasadnionego interesu zabezpieczenia danych na wypadek potrzeby wykazania fakt\u00f3w (art. 6 ust. 1 pkt. f RODO).<br><strong>Odbiorcy danych osobowych<\/strong><br>w przypadku gdy wyrazili\u015bcie zgod\u0119 na wykorzystanie Waszego wizerunku, zostanie on ujawniony podmiotom prowadz\u0105cym portale spo\u0142eczno\u015bciowe Facebook i Instagram, kt\u00f3rych serwery znajduj\u0105 si\u0119 lub mog\u0105 znajdowa\u0107 si\u0119 poza Europejskim Obszarem Gospodarczym. Wyra\u017caj\u0105c wobec tego zgod\u0119 w \u00a7 5 umowy wyra\u017cacie jednocze\u015bnie zgod\u0119 na przekazanie swoich danych tym podmiotom,<br>dost\u0119p do Waszych danych b\u0119d\u0105 mogli r\u00f3wnie\u017c uzyska\u0107 podwykonawcy us\u0142ugi tj. firmy zajmuj\u0105ce si\u0119 drukiem zdj\u0119\u0107 oraz album\u00f3w.<br><strong>Okres przechowywania danych osobowych<\/strong><br>Wasze dane osobowe b\u0119d\u0119 przechowywa\u0142a przez okres \u015bwiadczonej przeze mnie us\u0142ugi oraz przez okres wynikaj\u0105cy z przedawnienia roszcze\u0144, praw konsumenta i prowadzenia ksi\u0119gowo\u015bci.<\/p>\n\n\n\n<p><strong>Wasze uprawnienia<\/strong><br>Jako podmioty, kt\u00f3rych dane przetwarzam (czyli moi drodzy Klienci) posiadacie szereg uprawnie\u0144, a s\u0105 nimi:<br>-prawo dost\u0119pu do swoich danych osobowych, ich sprostowania, usuni\u0119cia lub ograniczenia przetwarzania,<br>-prawo do wniesienia sprzeciwu wobec przetwarzania,<br>-prawo do przenoszenia danych,<br>-prawo do cofni\u0119cia zgody na przetwarzanie danych osobowych w dowolnym momencie bez wp\u0142ywu na zgodno\u015b\u0107 z prawem przetwarzania, kt\u00f3rego dokonano na podstawie zgody przed jej cofni\u0119ciem,<br>-prawo do wniesienia skargi do organu nadzorczego, a jest nim Prezes Urz\u0119du Ochrony Danych Osobowych (wi\u0119cej szczeg\u00f3\u0142\u00f3w: https:\/\/uodo.gov.pl).<br><strong>Informacja o dobrowolno\u015bci wyra\u017cenia zgody na przetwarzanie danych osobowych<\/strong><br>-wyra\u017cenie przez Was zgody na przetwarzanie danych osobowych w zakresie danych identyfikuj\u0105cych takich jak imi\u0119, nazwisko, oraz danych kontaktowych ma charakter dobrowolny, ale jest niezb\u0119dne do wykonania niniejszej umowy,<br>-wyra\u017cenie przez Was zgody na przetwarzanie (rozpowszechnianie) wizerunku w celu promocji mojej tw\u00f3rczo\u015bci jest dobrowolne i w ka\u017cdej chwili mo\u017ce zosta\u0107 odwo\u0142ane.<br><strong>Informacja o zautomatyzowanym podejmowaniu decyzji<\/strong><br>Wasze dane osobowe nie b\u0119d\u0105 podlega\u0107 profilowaniu<\/p>\n","protected":false},"excerpt":{"rendered":"<p>RODO \u2013 informacja o przetwarzaniu danych osobowych Zgodnie z art. 13 ust. 1 i 2 Rozporz\u0105dzenia Parlamentu Europejskiego i Rady (UE) 2016\/679 z dnia 27 kwietnia 2016 r. w sprawie ochrony os\u00f3b fizycznych w zwi\u0105zku z przetwarzaniem danych osobowych i w sprawie swobodnego przep\u0142ywu takich danych oraz uchylenia dyrektywy95\/46\/WE (og\u00f3lne rozporz\u0105dzenie o ochronie danych), dalej [&hellip;]<\/p>\n","protected":false},"author":1,"featured_media":1168,"parent":0,"menu_order":0,"comment_status":"closed","ping_status":"closed","template":"","meta":{"footnotes":""},"class_list":["post-3274","page","type-page","status-publish","has-post-thumbnail"],"yoast_head":"<!-- This site is optimized with the Yoast SEO plugin v27.3 - https:\/\/yoast.com\/product\/yoast-seo-wordpress\/ -->\n<title>Polityka prywatno\u015bci - Justyna Bronowska Fotografia - Fotografia \u015blubna, wizerunkowa, rodzinna Bielsko-Bia\u0142a, \u015al\u0105sk<\/title>\n<meta name=\"robots\" content=\"index, follow, max-snippet:-1, max-image-preview:large, max-video-preview:-1\" \/>\n<link rel=\"canonical\" href=\"https:\/\/justynabronowska.pl\/fotografia\/polityka-prywatnosci\/\" \/>\n<meta property=\"og:locale\" content=\"pl_PL\" \/>\n<meta property=\"og:type\" content=\"article\" \/>\n<meta property=\"og:title\" content=\"Polityka prywatno\u015bci - Justyna Bronowska Fotografia - Fotografia \u015blubna, wizerunkowa, rodzinna Bielsko-Bia\u0142a, \u015al\u0105sk\" \/>\n<meta property=\"og:description\" content=\"RODO \u2013 informacja o przetwarzaniu danych osobowych Zgodnie z art. 13 ust. 1 i 2 Rozporz\u0105dzenia Parlamentu Europejskiego i Rady (UE) 2016\/679 z dnia 27 kwietnia 2016 r. w sprawie ochrony os\u00f3b fizycznych w zwi\u0105zku z przetwarzaniem danych osobowych i w sprawie swobodnego przep\u0142ywu takich danych oraz uchylenia dyrektywy95\/46\/WE (og\u00f3lne rozporz\u0105dzenie o ochronie danych), dalej [&hellip;]\" \/>\n<meta property=\"og:url\" content=\"https:\/\/justynabronowska.pl\/fotografia\/polityka-prywatnosci\/\" \/>\n<meta property=\"og:site_name\" content=\"Justyna Bronowska Fotografia - Fotografia \u015blubna, wizerunkowa, rodzinna Bielsko-Bia\u0142a, \u015al\u0105sk\" \/>\n<meta property=\"article:modified_time\" content=\"2023-02-16T19:06:59+00:00\" \/>\n<meta property=\"og:image\" content=\"https:\/\/justynabronowska.pl\/fotografia\/wp-content\/uploads\/sites\/3\/2019\/05\/galazka.png\" \/>\n\t<meta property=\"og:image:width\" content=\"1051\" \/>\n\t<meta property=\"og:image:height\" content=\"541\" \/>\n\t<meta property=\"og:image:type\" content=\"image\/png\" \/>\n<meta name=\"twitter:card\" content=\"summary_large_image\" \/>\n<meta name=\"twitter:label1\" content=\"Szacowany czas czytania\" \/>\n\t<meta name=\"twitter:data1\" content=\"3 minuty\" \/>\n<script type=\"application\/ld+json\" class=\"yoast-schema-graph\">{\"@context\":\"https:\\\/\\\/schema.org\",\"@graph\":[{\"@type\":\"WebPage\",\"@id\":\"https:\\\/\\\/justynabronowska.pl\\\/fotografia\\\/polityka-prywatnosci\\\/\",\"url\":\"https:\\\/\\\/justynabronowska.pl\\\/fotografia\\\/polityka-prywatnosci\\\/\",\"name\":\"Polityka prywatno\u015bci - Justyna Bronowska Fotografia - Fotografia \u015blubna, wizerunkowa, rodzinna Bielsko-Bia\u0142a, \u015al\u0105sk\",\"isPartOf\":{\"@id\":\"https:\\\/\\\/justynabronowska.pl\\\/fotografia\\\/#website\"},\"primaryImageOfPage\":{\"@id\":\"https:\\\/\\\/justynabronowska.pl\\\/fotografia\\\/polityka-prywatnosci\\\/#primaryimage\"},\"image\":{\"@id\":\"https:\\\/\\\/justynabronowska.pl\\\/fotografia\\\/polityka-prywatnosci\\\/#primaryimage\"},\"thumbnailUrl\":\"https:\\\/\\\/justynabronowska.pl\\\/fotografia\\\/wp-content\\\/uploads\\\/sites\\\/3\\\/2019\\\/05\\\/galazka.png\",\"datePublished\":\"2023-02-16T19:05:01+00:00\",\"dateModified\":\"2023-02-16T19:06:59+00:00\",\"breadcrumb\":{\"@id\":\"https:\\\/\\\/justynabronowska.pl\\\/fotografia\\\/polityka-prywatnosci\\\/#breadcrumb\"},\"inLanguage\":\"pl-PL\",\"potentialAction\":[{\"@type\":\"ReadAction\",\"target\":[\"https:\\\/\\\/justynabronowska.pl\\\/fotografia\\\/polityka-prywatnosci\\\/\"]}]},{\"@type\":\"ImageObject\",\"inLanguage\":\"pl-PL\",\"@id\":\"https:\\\/\\\/justynabronowska.pl\\\/fotografia\\\/polityka-prywatnosci\\\/#primaryimage\",\"url\":\"https:\\\/\\\/justynabronowska.pl\\\/fotografia\\\/wp-content\\\/uploads\\\/sites\\\/3\\\/2019\\\/05\\\/galazka.png\",\"contentUrl\":\"https:\\\/\\\/justynabronowska.pl\\\/fotografia\\\/wp-content\\\/uploads\\\/sites\\\/3\\\/2019\\\/05\\\/galazka.png\",\"width\":1051,\"height\":541},{\"@type\":\"BreadcrumbList\",\"@id\":\"https:\\\/\\\/justynabronowska.pl\\\/fotografia\\\/polityka-prywatnosci\\\/#breadcrumb\",\"itemListElement\":[{\"@type\":\"ListItem\",\"position\":1,\"name\":\"Home\",\"item\":\"https:\\\/\\\/justynabronowska.pl\\\/fotografia\\\/\"},{\"@type\":\"ListItem\",\"position\":2,\"name\":\"Polityka prywatno\u015bci\"}]},{\"@type\":\"WebSite\",\"@id\":\"https:\\\/\\\/justynabronowska.pl\\\/fotografia\\\/#website\",\"url\":\"https:\\\/\\\/justynabronowska.pl\\\/fotografia\\\/\",\"name\":\"Justyna Bronowska Fotografia - Fotografia \u015blubna, wizerunkowa, rodzinna Bielsko-Bia\u0142a, \u015al\u0105sk\",\"description\":\"Justyna Bronowska Fotografia - Fotografia \u015blubna, wizerunkowa, rodzinna Bielsko-Bia\u0142a, \u015al\u0105sk\",\"potentialAction\":[{\"@type\":\"SearchAction\",\"target\":{\"@type\":\"EntryPoint\",\"urlTemplate\":\"https:\\\/\\\/justynabronowska.pl\\\/fotografia\\\/?s={search_term_string}\"},\"query-input\":{\"@type\":\"PropertyValueSpecification\",\"valueRequired\":true,\"valueName\":\"search_term_string\"}}],\"inLanguage\":\"pl-PL\"}]}<\/script>\n<!-- \/ Yoast SEO plugin. -->","yoast_head_json":{"title":"Polityka prywatno\u015bci - Justyna Bronowska Fotografia - Fotografia \u015blubna, wizerunkowa, rodzinna Bielsko-Bia\u0142a, \u015al\u0105sk","robots":{"index":"index","follow":"follow","max-snippet":"max-snippet:-1","max-image-preview":"max-image-preview:large","max-video-preview":"max-video-preview:-1"},"canonical":"https:\/\/justynabronowska.pl\/fotografia\/polityka-prywatnosci\/","og_locale":"pl_PL","og_type":"article","og_title":"Polityka prywatno\u015bci - Justyna Bronowska Fotografia - Fotografia \u015blubna, wizerunkowa, rodzinna Bielsko-Bia\u0142a, \u015al\u0105sk","og_description":"RODO \u2013 informacja o przetwarzaniu danych osobowych Zgodnie z art. 13 ust. 1 i 2 Rozporz\u0105dzenia Parlamentu Europejskiego i Rady (UE) 2016\/679 z dnia 27 kwietnia 2016 r. w sprawie ochrony os\u00f3b fizycznych w zwi\u0105zku z przetwarzaniem danych osobowych i w sprawie swobodnego przep\u0142ywu takich danych oraz uchylenia dyrektywy95\/46\/WE (og\u00f3lne rozporz\u0105dzenie o ochronie danych), dalej [&hellip;]","og_url":"https:\/\/justynabronowska.pl\/fotografia\/polityka-prywatnosci\/","og_site_name":"Justyna Bronowska Fotografia - Fotografia \u015blubna, wizerunkowa, rodzinna Bielsko-Bia\u0142a, \u015al\u0105sk","article_modified_time":"2023-02-16T19:06:59+00:00","og_image":[{"width":1051,"height":541,"url":"https:\/\/justynabronowska.pl\/fotografia\/wp-content\/uploads\/sites\/3\/2019\/05\/galazka.png","type":"image\/png"}],"twitter_card":"summary_large_image","twitter_misc":{"Szacowany czas czytania":"3 minuty"},"schema":{"@context":"https:\/\/schema.org","@graph":[{"@type":"WebPage","@id":"https:\/\/justynabronowska.pl\/fotografia\/polityka-prywatnosci\/","url":"https:\/\/justynabronowska.pl\/fotografia\/polityka-prywatnosci\/","name":"Polityka prywatno\u015bci - Justyna Bronowska Fotografia - Fotografia \u015blubna, wizerunkowa, rodzinna Bielsko-Bia\u0142a, \u015al\u0105sk","isPartOf":{"@id":"https:\/\/justynabronowska.pl\/fotografia\/#website"},"primaryImageOfPage":{"@id":"https:\/\/justynabronowska.pl\/fotografia\/polityka-prywatnosci\/#primaryimage"},"image":{"@id":"https:\/\/justynabronowska.pl\/fotografia\/polityka-prywatnosci\/#primaryimage"},"thumbnailUrl":"https:\/\/justynabronowska.pl\/fotografia\/wp-content\/uploads\/sites\/3\/2019\/05\/galazka.png","datePublished":"2023-02-16T19:05:01+00:00","dateModified":"2023-02-16T19:06:59+00:00","breadcrumb":{"@id":"https:\/\/justynabronowska.pl\/fotografia\/polityka-prywatnosci\/#breadcrumb"},"inLanguage":"pl-PL","potentialAction":[{"@type":"ReadAction","target":["https:\/\/justynabronowska.pl\/fotografia\/polityka-prywatnosci\/"]}]},{"@type":"ImageObject","inLanguage":"pl-PL","@id":"https:\/\/justynabronowska.pl\/fotografia\/polityka-prywatnosci\/#primaryimage","url":"https:\/\/justynabronowska.pl\/fotografia\/wp-content\/uploads\/sites\/3\/2019\/05\/galazka.png","contentUrl":"https:\/\/justynabronowska.pl\/fotografia\/wp-content\/uploads\/sites\/3\/2019\/05\/galazka.png","width":1051,"height":541},{"@type":"BreadcrumbList","@id":"https:\/\/justynabronowska.pl\/fotografia\/polityka-prywatnosci\/#breadcrumb","itemListElement":[{"@type":"ListItem","position":1,"name":"Home","item":"https:\/\/justynabronowska.pl\/fotografia\/"},{"@type":"ListItem","position":2,"name":"Polityka prywatno\u015bci"}]},{"@type":"WebSite","@id":"https:\/\/justynabronowska.pl\/fotografia\/#website","url":"https:\/\/justynabronowska.pl\/fotografia\/","name":"Justyna Bronowska Fotografia - Fotografia \u015blubna, wizerunkowa, rodzinna Bielsko-Bia\u0142a, \u015al\u0105sk","description":"Justyna Bronowska Fotografia - Fotografia \u015blubna, wizerunkowa, rodzinna Bielsko-Bia\u0142a, \u015al\u0105sk","potentialAction":[{"@type":"SearchAction","target":{"@type":"EntryPoint","urlTemplate":"https:\/\/justynabronowska.pl\/fotografia\/?s={search_term_string}"},"query-input":{"@type":"PropertyValueSpecification","valueRequired":true,"valueName":"search_term_string"}}],"inLanguage":"pl-PL"}]}},"_links":{"self":[{"href":"https:\/\/justynabronowska.pl\/fotografia\/wp-json\/wp\/v2\/pages\/3274","targetHints":{"allow":["GET"]}}],"collection":[{"href":"https:\/\/justynabronowska.pl\/fotografia\/wp-json\/wp\/v2\/pages"}],"about":[{"href":"https:\/\/justynabronowska.pl\/fotografia\/wp-json\/wp\/v2\/types\/page"}],"author":[{"embeddable":true,"href":"https:\/\/justynabronowska.pl\/fotografia\/wp-json\/wp\/v2\/users\/1"}],"replies":[{"embeddable":true,"href":"https:\/\/justynabronowska.pl\/fotografia\/wp-json\/wp\/v2\/comments?post=3274"}],"version-history":[{"count":3,"href":"https:\/\/justynabronowska.pl\/fotografia\/wp-json\/wp\/v2\/pages\/3274\/revisions"}],"predecessor-version":[{"id":3278,"href":"https:\/\/justynabronowska.pl\/fotografia\/wp-json\/wp\/v2\/pages\/3274\/revisions\/3278"}],"wp:featuredmedia":[{"embeddable":true,"href":"https:\/\/justynabronowska.pl\/fotografia\/wp-json\/wp\/v2\/media\/1168"}],"wp:attachment":[{"href":"https:\/\/justynabronowska.pl\/fotografia\/wp-json\/wp\/v2\/media?parent=3274"}],"curies":[{"name":"wp","href":"https:\/\/api.w.org\/{rel}","templated":true}]}}